{"id":1299,"date":"2021-01-15T13:25:08","date_gmt":"2021-01-15T13:25:08","guid":{"rendered":"https:\/\/roccadimontorsoli.com\/?page_id=1299"},"modified":"2021-04-23T09:05:55","modified_gmt":"2021-04-23T09:05:55","slug":"arte-e-turismo","status":"publish","type":"page","link":"https:\/\/roccadimontorsoli.com\/?page_id=1299","title":{"rendered":"Arte e turismo"},"content":{"rendered":"\n<p>Nella Toscana del Sud, \u00e8 proprio la Maremma Toscana la terra in cui si sono avvicendate nel corso dei secoli delle civilt\u00e0 che hanno rappresentato la nervatura pi\u00f9 preziosa e sostanziale di tutta la storia passata dell&#8217;Italia: da qui ci si potr\u00e0 muovere per ammirare le vestigia dell&#8217;antico popolo Etrusco e del popolo romano, la ricchissima\u00a0 eredit\u00e0 della civilt\u00e0 medievale, fino agli splendori dell&#8217;Umanesimo e del Rinascimento. E la Rocca di Montorsoli potr\u00e0 quindi rappresentare il trampolino per un viaggio tra arte e storia, una volta che si voglia arricchire questa vacanza con viaggi &#8211; anche non faticosi &#8211; verso citt\u00e0, piccoli centri,\u00a0 chiese e pievi di campagna, in una gamma di proposte che rimarranno come un &#8220;valore aggiunto&#8221; ad una incantevole vacanza tra mare, spiagge ed isole. Si pensi a Firenze, Siena, Arezzo, Pisa, Lucca, San Gimignano, Pitigliano, Pienza e le crete senesi.<\/p>\n\n\n<div id=\"metaslider-id-1307\" style=\"max-width: 800px; margin: 0 auto;\" class=\"ml-slider-3-108-0 metaslider metaslider-flex metaslider-1307 ml-slider has-dots-nav ms-theme-default\" role=\"region\" aria-label=\"Arte e turismo\" data-height=\"600\" data-width=\"800\">\n    <div id=\"metaslider_container_1307\">\n        <div id=\"metaslider_1307\" class=\"flexslider\">\n            <ul class='slides'>\n                <li style=\"display: block; width: 100%;\" class=\"slide-1319 ms-image \" aria-roledescription=\"slide\" data-date=\"2021-01-15 13:29:16\" data-filename=\"colosseo_roma_bellissima-800x600.jpg\" data-slide-type=\"image\"><img src=\"https:\/\/roccadimontorsoli.com\/wp-content\/uploads\/2021\/01\/colosseo_roma_bellissima-800x600.jpg\" height=\"600\" width=\"800\" alt=\"\" class=\"slider-1307 slide-1319 msDefaultImage\" title=\"colosseo_roma_bellissima\" \/><div class=\"caption-wrap\"><div class=\"caption\">Roma<\/div><\/div><\/li>\n                <li style=\"display: none; width: 100%;\" class=\"slide-1315 ms-image \" aria-roledescription=\"slide\" data-date=\"2021-01-15 13:29:16\" data-filename=\"unnamed-454x341.jpg\" data-slide-type=\"image\"><img src=\"https:\/\/roccadimontorsoli.com\/wp-content\/uploads\/2021\/01\/unnamed-454x341.jpg\" height=\"600\" width=\"800\" alt=\"\" class=\"slider-1307 slide-1315 msDefaultImage\" title=\"unnamed\" \/><div class=\"caption-wrap\"><div class=\"caption\">Firenze<\/div><\/div><\/li>\n                <li style=\"display: none; width: 100%;\" class=\"slide-1313 ms-image \" aria-roledescription=\"slide\" data-date=\"2021-01-15 13:29:16\" data-filename=\"FIRENZE-visit-arezzo-sansepolcro-and-poppi-1920x1080-1-800x600.jpg\" data-slide-type=\"image\"><img src=\"https:\/\/roccadimontorsoli.com\/wp-content\/uploads\/2021\/01\/FIRENZE-visit-arezzo-sansepolcro-and-poppi-1920x1080-1-800x600.jpg\" height=\"600\" width=\"800\" alt=\"\" class=\"slider-1307 slide-1313 msDefaultImage\" title=\"arezzo\" \/><div class=\"caption-wrap\"><div class=\"caption\">Arezzo<\/div><\/div><\/li>\n                <li style=\"display: none; width: 100%;\" class=\"slide-1312 ms-image \" aria-roledescription=\"slide\" data-date=\"2021-01-15 13:29:16\" data-filename=\"lucca_piazza_anfiteatro_ctsp-746x560.jpg\" data-slide-type=\"image\"><img src=\"https:\/\/roccadimontorsoli.com\/wp-content\/uploads\/2021\/01\/lucca_piazza_anfiteatro_ctsp-746x560.jpg\" height=\"600\" width=\"800\" alt=\"\" class=\"slider-1307 slide-1312 msDefaultImage\" title=\"lucca_piazza_anfiteatro_ctsp\" \/><div class=\"caption-wrap\"><div class=\"caption\">Lucca<\/div><\/div><\/li>\n                <li style=\"display: none; width: 100%;\" class=\"slide-1310 ms-image \" aria-roledescription=\"slide\" data-date=\"2021-01-15 13:29:16\" data-filename=\"pienza2-800x600.jpg\" data-slide-type=\"image\"><img src=\"https:\/\/roccadimontorsoli.com\/wp-content\/uploads\/2021\/01\/pienza2-800x600.jpg\" height=\"600\" width=\"800\" alt=\"\" class=\"slider-1307 slide-1310 msDefaultImage\" title=\"pienza2\" \/><div class=\"caption-wrap\"><div class=\"caption\">Pienza<\/div><\/div><\/li>\n                <li style=\"display: none; width: 100%;\" class=\"slide-1318 ms-image \" aria-roledescription=\"slide\" data-date=\"2021-01-15 13:29:16\" data-filename=\"pisa-getty-1080x794-1-800x600.jpg\" data-slide-type=\"image\"><img src=\"https:\/\/roccadimontorsoli.com\/wp-content\/uploads\/2021\/01\/pisa-getty-1080x794-1-800x600.jpg\" height=\"600\" width=\"800\" alt=\"\" class=\"slider-1307 slide-1318 msDefaultImage\" title=\"pisa-getty-1080x794\" \/><div class=\"caption-wrap\"><div class=\"caption\">Pisa<\/div><\/div><\/li>\n                <li style=\"display: none; width: 100%;\" class=\"slide-1309 ms-image \" aria-roledescription=\"slide\" data-date=\"2021-01-15 13:29:16\" data-filename=\"Pitigliano_sera-scaled-800x600.jpg\" data-slide-type=\"image\"><img src=\"https:\/\/roccadimontorsoli.com\/wp-content\/uploads\/2021\/01\/Pitigliano_sera-scaled-800x600.jpg\" height=\"600\" width=\"800\" alt=\"\" class=\"slider-1307 slide-1309 msDefaultImage\" title=\"Pitigliano_sera\" \/><div class=\"caption-wrap\"><div class=\"caption\">Pitigliano<\/div><\/div><\/li>\n                <li style=\"display: none; width: 100%;\" class=\"slide-1314 ms-image \" aria-roledescription=\"slide\" data-date=\"2021-01-15 13:29:16\" data-filename=\"abbazia-san-galgano-siena-800x600.jpg\" data-slide-type=\"image\"><img src=\"https:\/\/roccadimontorsoli.com\/wp-content\/uploads\/2021\/01\/abbazia-san-galgano-siena-800x600.jpg\" height=\"600\" width=\"800\" alt=\"\" class=\"slider-1307 slide-1314 msDefaultImage\" title=\"abbazia-san-galgano-siena\" \/><div class=\"caption-wrap\"><div class=\"caption\">San Galgano<\/div><\/div><\/li>\n                <li style=\"display: none; width: 100%;\" class=\"slide-1308 ms-image \" aria-roledescription=\"slide\" data-date=\"2021-01-15 13:29:16\" data-filename=\"san-gimignano-01-925x465-1-620x465.jpg\" data-slide-type=\"image\"><img src=\"https:\/\/roccadimontorsoli.com\/wp-content\/uploads\/2021\/01\/san-gimignano-01-925x465-1-620x465.jpg\" height=\"600\" width=\"800\" alt=\"\" class=\"slider-1307 slide-1308 msDefaultImage\" title=\"san-gimignano-01-925x465\" \/><div class=\"caption-wrap\"><div class=\"caption\">San Gimignano<\/div><\/div><\/li>\n                <li style=\"display: none; width: 100%;\" class=\"slide-1316 ms-image \" aria-roledescription=\"slide\" data-date=\"2021-01-15 13:29:16\" data-filename=\"siena-piazza-del-campo-800x600.jpg\" data-slide-type=\"image\"><img src=\"https:\/\/roccadimontorsoli.com\/wp-content\/uploads\/2021\/01\/siena-piazza-del-campo-800x600.jpg\" height=\"600\" width=\"800\" alt=\"\" class=\"slider-1307 slide-1316 msDefaultImage\" title=\"siena-piazza-del-campo\" \/><div class=\"caption-wrap\"><div class=\"caption\">Siena<\/div><\/div><\/li>\n                <li style=\"display: none; width: 100%;\" class=\"slide-1317 ms-image \" aria-roledescription=\"slide\" data-date=\"2021-01-15 13:29:16\" data-filename=\"viterbo-guida-e-itinerari-alla-scoperta-della-cittacc80-della-tuscia-486x365.jpg\" data-slide-type=\"image\"><img src=\"https:\/\/roccadimontorsoli.com\/wp-content\/uploads\/2021\/01\/viterbo-guida-e-itinerari-alla-scoperta-della-cittacc80-della-tuscia-486x365.jpg\" height=\"600\" width=\"800\" alt=\"\" class=\"slider-1307 slide-1317 msDefaultImage\" title=\"viterbo-guida-e-itinerari-alla-scoperta-della-cittacc80-della-tuscia\" \/><div class=\"caption-wrap\"><div class=\"caption\">Viterbo<\/div><\/div><\/li>\n            <\/ul>\n        <\/div>\n        \n    <\/div>\n<\/div>\n","protected":false},"excerpt":{"rendered":"<p>Nella Toscana del Sud, \u00e8 proprio la Maremma Toscana la terra in cui si sono avvicendate nel corso dei secoli delle civilt\u00e0 che hanno rappresentato la nervatura pi\u00f9 preziosa e sostanziale di tutta la storia passata dell&#8217;Italia: da qui ci si potr\u00e0 muovere per ammirare le vestigia dell&#8217;antico popolo Etrusco e del popolo romano, la [&hellip;]<\/p>\n","protected":false},"author":1,"featured_media":0,"parent":0,"menu_order":0,"comment_status":"closed","ping_status":"closed","template":"","meta":[],"acf":[],"_links":{"self":[{"href":"https:\/\/roccadimontorsoli.com\/index.php?rest_route=\/wp\/v2\/pages\/1299"}],"collection":[{"href":"https:\/\/roccadimontorsoli.com\/index.php?rest_route=\/wp\/v2\/pages"}],"about":[{"href":"https:\/\/roccadimontorsoli.com\/index.php?rest_route=\/wp\/v2\/types\/page"}],"author":[{"embeddable":true,"href":"https:\/\/roccadimontorsoli.com\/index.php?rest_route=\/wp\/v2\/users\/1"}],"replies":[{"embeddable":true,"href":"https:\/\/roccadimontorsoli.com\/index.php?rest_route=%2Fwp%2Fv2%2Fcomments&post=1299"}],"version-history":[{"count":4,"href":"https:\/\/roccadimontorsoli.com\/index.php?rest_route=\/wp\/v2\/pages\/1299\/revisions"}],"predecessor-version":[{"id":1467,"href":"https:\/\/roccadimontorsoli.com\/index.php?rest_route=\/wp\/v2\/pages\/1299\/revisions\/1467"}],"wp:attachment":[{"href":"https:\/\/roccadimontorsoli.com\/index.php?rest_route=%2Fwp%2Fv2%2Fmedia&parent=1299"}],"curies":[{"name":"wp","href":"https:\/\/api.w.org\/{rel}","templated":true}]}}